{"id":541,"date":"2024-10-01T19:03:15","date_gmt":"2024-10-01T17:03:15","guid":{"rendered":"https:\/\/endigital.cat\/politica-de-privacidad\/"},"modified":"2025-05-13T15:50:15","modified_gmt":"2025-05-13T13:50:15","slug":"politica-de-privacidad","status":"publish","type":"page","link":"https:\/\/endigital.cat\/es\/politica-de-privacidad\/","title":{"rendered":"Pol\u00edtica de privacidad"},"content":{"rendered":"\t\t<div data-elementor-type=\"wp-page\" data-elementor-id=\"541\" class=\"elementor elementor-541 elementor-3\" data-elementor-post-type=\"page\">\n\t\t\t\t<div class=\"elementor-element elementor-element-3827b46e e-flex e-con-boxed e-con e-parent\" data-id=\"3827b46e\" data-element_type=\"container\" data-e-type=\"container\">\n\t\t\t\t\t<div class=\"e-con-inner\">\n\t\t\t\t<div class=\"elementor-element elementor-element-36af183d elementor-widget elementor-widget-spacer\" data-id=\"36af183d\" data-element_type=\"widget\" data-e-type=\"widget\" data-widget_type=\"spacer.default\">\n\t\t\t\t<div class=\"elementor-widget-container\">\n\t\t\t\t\t\t\t<div class=\"elementor-spacer\">\n\t\t\t<div class=\"elementor-spacer-inner\"><\/div>\n\t\t<\/div>\n\t\t\t\t\t\t<\/div>\n\t\t\t\t<\/div>\n\t\t\t\t<div class=\"elementor-element elementor-element-728b1a8a elementor-widget elementor-widget-text-editor\" data-id=\"728b1a8a\" data-element_type=\"widget\" data-e-type=\"widget\" data-widget_type=\"text-editor.default\">\n\t\t\t\t<div class=\"elementor-widget-container\">\n\t\t\t\t\t\t\t\t\t<p>Llu\u00eds Bruguera i Cortada se compromete a proteger la privacidad de los usuarios que accedan a esta web y\/o cualquiera de sus servicios. La utilizaci\u00f3n de la web y\/o de cualquiera de los servicios implica la aceptaci\u00f3n por parte del usuario de esta Pol\u00edtica de Privacidad y que sus datos personales sean tratados seg\u00fan se estipula. Esta Pol\u00edtica de Privacidad no se aplica a las webs de otras compa\u00f1\u00edas u organizaciones a las que la web est\u00e9 redirigida. Lu\u00eds Bruguera i Cortada no tiene ning\u00fan control sobre el contenido de otras webs de terceros ni acepta responsabilidad alguna por el contenido o las pol\u00edticas de privacidad de estas webs.   <\/p>\n<p><strong>Informaci\u00f3n sobre el tratamiento de datos (Reglamento (UE) 2016\/679 y LO 3\/2018)<\/strong><\/p>\n<figure class=\"wp-block-table\">\n<table>\n<tbody>\n<tr>\n<td>Responsable del tratamiento<\/td>\n<td>Llu\u00eds Bruguera i Cortada NIF: 77911114V Calle de la Volta, 1. 171400 Ull\u00e0 Correo-e: hola@lluisbruguera.com <\/td>\n<\/tr>\n<tr>\n<td>Finalidad del tratamiento<\/td>\n<td>Ofrecer y gestionar los servicios de Consultor\u00eda Digital &amp; Comunicaci\u00f3n, Reputaci\u00f3n on-line y Digital Project Manager.<\/td>\n<\/tr>\n<tr>\n<td>Legitimaci\u00f3n<\/td>\n<td>Consentimiento obtenido del interesado. Ejecuci\u00f3n del contrato de servicios. <\/td>\n<\/tr>\n<tr>\n<td>Destinatarios<\/td>\n<td>Los datos no ser\u00e1n comunicados a terceros, salvo que lo exija una ley o sea necesario para cumplir con la finalidad del tratamiento.<\/td>\n<\/tr>\n<tr>\n<td>Derechos de las personas<\/td>\n<td>Los interesados \u200b\u200btienen derecho a ejercitar los derechos de acceso, rectificaci\u00f3n, limitaci\u00f3n de tratamiento, supresi\u00f3n, portabilidad y oposici\u00f3n, enviando su solicitud a nuestra direcci\u00f3n.<\/td>\n<\/tr>\n<tr>\n<td>Plazo de conservaci\u00f3n de los datos<\/td>\n<td>Mientras se mantenga la relaci\u00f3n comercial o durante los a\u00f1os necesarios para cumplir con sus obligaciones legales.<\/td>\n<\/tr>\n<tr>\n<td>Reclamaci\u00f3n<\/td>\n<td>Los interesados \u200b\u200bpueden dirigirse a la AEPD para presentar la reclamaci\u00f3n que considere oportuna.<\/td>\n<\/tr>\n<tr>\n<td>Informaci\u00f3n adicional<\/td>\n<td>Puede consultar la informaci\u00f3n adicional y detallada a continuaci\u00f3n en las \u201cCuestiones sobre privacidad\u201d.<\/td>\n<\/tr>\n<\/tbody>\n<\/table>\n<\/figure>\n<p><strong><u>Cuestiones sobre privacidad<\/u><\/strong><u><\/u><\/p>\n<p>En cumplimiento del Reglamento (UE) 2016\/679 del Parlamento Europeo y del Consejo, de 27 de abril de 2016, (RGPD)<a> <\/a>y la Ley Org\u00e1nica 3\/2018, de 5 de diciembre, de Protecci\u00f3n de Datos Personales y garant\u00eda de los derechos digitales (LOPDGDD), le ofrecemos informaci\u00f3n sobre el tratamiento de sus datos personales:<\/p>\n<p><strong>\u00bfQui\u00e9n es el responsable del tratamiento de sus datos?<\/strong><\/p>\n<p>Llu\u00eds Bruguera i Cortada<\/p>\n<p>NIF: 77911114V<\/p>\n<p>Direcci\u00f3n: calle de la Volta, 1 17140 Ull\u00e0<\/p>\n<p>Tel.: 610937596<\/p>\n<p>Email: hola@lluisbruguera.com<\/p>\n<p><strong>\u00bfCon qu\u00e9 finalidad tratamos sus datos personales?<\/strong><\/p>\n<p>\uf0a7Tratamos la informaci\u00f3n que se nos facilita para gestionar nuestros Consultor\u00eda Digital &amp; Comunicaci\u00f3n, Reputaci\u00f3n on-line y Digital Project Manager.<br>\uf0a7En caso de que se ponga en contacto con nosotros mediante el formulario de contacto de nuestra p\u00e1gina web, las trataremos para gestionar su consulta.<br>\uf0a7Si nos da su consentimiento tambi\u00e9n podremos tratar sus datos para enviarle informaci\u00f3n sobre nuestras actividades, productos o servicios.<\/p>\n<p><strong>\u00bfPor cu\u00e1nto tiempo conservaremos sus datos?<\/strong><\/p>\n<ul>\n<li>Los datos personales proporcionados <a>se conservar\u00e1n mientras sea usuario de nuestros servicios o quiera recibir informaci\u00f3n, dado que puede oponerse al tratamiento de sus datos con fines promocionales en cualquier momento, y despu\u00e9s, durante los plazos establecidos para cumplir con nuestras obligaciones legales,<\/a> <a>que en el caso documentaci\u00f3n contable y fiscal a efectos mercantiles ser\u00e1n 6 a\u00f1os, de conformidad con el art. 30 del C\u00f3digo Comercio, ya efectos fiscales ser\u00e1n 4 a\u00f1os, de acuerdo con los art\u00edculos 66 a 70 de la Ley General Tributaria. <\/a><\/li>\n<li>En el caso de los curr\u00edculums, los datos se conservar\u00e1n durante un a\u00f1o.<\/li>\n<\/ul>\n<p><strong>\u00bfCu\u00e1l es la legitimaci\u00f3n para el tratamiento de sus datos?<\/strong><\/p>\n<p>La legitimaci\u00f3n para su tratamiento se encuentra en la ejecuci\u00f3n del contrato de servicios y en los consentimientos que nos da.<\/p>\n<p><a><strong>\u00bfA qu\u00e9 destinatarios se comunicar\u00e1n sus datos?<\/strong><\/a><\/p>\n<p>Los datos no ser\u00e1n comunicados a terceros, salvo que lo exija una ley o sea necesario para cumplir con la finalidad del tratamiento.<\/p>\n<p><strong>\u00bfCu\u00e1les son sus derechos cuando nos facilita sus datos?<\/strong><\/p>\n<ul>\n<li>Cualquier persona tiene derecho a obtener confirmaci\u00f3n sobre si estamos tratando o no sus datos personales.<\/li>\n<li>Las personas interesadas tienen derecho a acceder a sus datos personales, as\u00ed como a solicitar la rectificaci\u00f3n de los datos inexactos o, en su caso, solicitar su supresi\u00f3n cuando, entre otros motivos, los datos ya no sean necesarios para los fines para los que se recogieron.<\/li>\n<li>En determinadas circunstancias los interesados \u200b\u200bpodr\u00e1n solicitar la limitaci\u00f3n del tratamiento de sus datos, en cuyo caso \u00fanicamente los conservaremos para el ejercicio o la defensa de reclamaciones.<\/li>\n<li>Tambi\u00e9n, en determinadas circunstancias y por motivos relacionados con su situaci\u00f3n particular, los interesados \u200b\u200bpueden oponerse al tratamiento de sus datos. En este caso dejaremos de tratarlas, salvo por motivos leg\u00edtimos imperiosos o para el ejercicio o defensa de posibles reclamaciones. <\/li>\n<li>Los interesados \u200b\u200btambi\u00e9n tendr\u00e1n derecho a la portabilidad de sus datos.<\/li>\n<li>Por \u00faltimo, los interesados \u200b\u200btienen derecho a presentar una reclamaci\u00f3n ante la Autoridad de Control competente.<\/li>\n<\/ul>\n<p><strong>\u00bfC\u00f3mo puede ejercer sus derechos?<\/strong><\/p>\n<p>Envi\u00e1ndonos un escrito adjuntando una copia de un documento que lo identifique, en nuestra direcci\u00f3n f\u00edsica o en la electr\u00f3nica.<\/p>\n<p><strong>\u00bfC\u00f3mo hemos obtenido sus datos?<\/strong><\/p>\n<p>Los datos personales que tratamos proceden del propio interesado, quien garantiza que los datos personales facilitados son ciertos y se hace responsable de comunicar cualquier modificaci\u00f3n. Los datos que est\u00e9n marcados con un asterisco son obligatorios para poder darle el servicio. <\/p>\n<p><strong>\u00bfQu\u00e9 datos tratamos?<\/strong><\/p>\n<p>Las categor\u00edas de datos que podemos tratar son:<\/p>\n<ul>\n<li>Datos de car\u00e1cter identificativo<\/li>\n<li>Direcciones postales o electr\u00f3nicas<\/li>\n<\/ul>\n<p>En el caso de los curr\u00edculums, tambi\u00e9n:<\/p>\n<ul>\n<li>Caracter\u00edsticas personales<\/li>\n<li>Acad\u00e9micas y profesional<\/li>\n<\/ul>\n<p>Los datos son limitados, dado que \u00fanicamente tratamos los datos necesarios para la prestaci\u00f3n de nuestros servicios y la gesti\u00f3n de nuestra actividad.<\/p>\n<p><strong>\u00bfUtilizamos cookies?<\/strong><\/p>\n<p>Utilizamos cookies durante la navegaci\u00f3n en nuestra web con el consentimiento del usuario.<\/p>\n<p>El usuario puede configurar su navegador para que le avise de la utilizaci\u00f3n de cookies y para evitar su uso. Por favor, visite nuestra pol\u00edtica de cookies. <\/p>\n<p><strong>\u00bfQu\u00e9 medidas de seguridad aplicamos?<\/strong><\/p>\n<p>Aplicamos las medidas de seguridad establecidas en el art\u00edculo 32 del RGPD, por tanto hemos adoptado las medidas de seguridad necesarias para garantizar un nivel de seguridad adecuado al riesgo del tratamiento de datos que realizamos, con mecanismos que nos permiten garantizar la confidencialidad, integridad, disponibilidad y resiliencia permanente de los sistemas y servicios de tratamiento.<\/p>\n<p>Algunas de estas medidas son:<\/p>\n<ul>\n<li>Informaci\u00f3n de las pol\u00edticas de tratamiento de datos al personal.<\/li>\n<li>Realizaci\u00f3n de copias de seguridad peri\u00f3dicas.<\/li>\n<li>Control de acceso a los datos.<\/li>\n<li>Procesos de verificaci\u00f3n, evaluaci\u00f3n y valoraci\u00f3n regulares.<\/li>\n<\/ul>\n<p><strong>\u00bfC\u00f3mo tratamos los datos por cuenta de terceros?<\/strong><\/p>\n<p>La tipolog\u00eda de datos, la categor\u00eda de interesados \u200b\u200by los tratamientos que podremos realizar por cuenta de nuestros clientes, se establecer\u00e1n en el correspondiente contrato de tratamiento de datos.<\/p>\t\t\t\t\t\t\t\t<\/div>\n\t\t\t\t<\/div>\n\t\t\t\t<div class=\"elementor-element elementor-element-ec6f37b elementor-widget elementor-widget-spacer\" data-id=\"ec6f37b\" data-element_type=\"widget\" data-e-type=\"widget\" data-widget_type=\"spacer.default\">\n\t\t\t\t<div class=\"elementor-widget-container\">\n\t\t\t\t\t\t\t<div class=\"elementor-spacer\">\n\t\t\t<div class=\"elementor-spacer-inner\"><\/div>\n\t\t<\/div>\n\t\t\t\t\t\t<\/div>\n\t\t\t\t<\/div>\n\t\t\t\t\t<\/div>\n\t\t\t\t<\/div>\n\t\t\t\t<\/div>\n\t\t","protected":false},"excerpt":{"rendered":"<p>Llu\u00eds Bruguera i Cortada se compromete a proteger la privacidad de los usuarios que accedan a esta web y\/o cualquiera de sus servicios. La utilizaci\u00f3n de la web y\/o de cualquiera de los servicios implica la aceptaci\u00f3n por parte del usuario de esta Pol\u00edtica de Privacidad y que sus datos personales sean tratados seg\u00fan se [&hellip;]<\/p>\n","protected":false},"author":1,"featured_media":274,"parent":0,"menu_order":0,"comment_status":"closed","ping_status":"closed","template":"elementor_header_footer","meta":{"footnotes":""},"class_list":["post-541","page","type-page","status-publish","has-post-thumbnail","hentry"],"yoast_head":"<!-- This site is optimized with the Yoast SEO plugin v27.5 - https:\/\/yoast.com\/product\/yoast-seo-wordpress\/ -->\n<title>Pol\u00edtica de privacidad - Endigital<\/title>\n<meta name=\"description\" content=\"Consulta la pol\u00edtica de privacidad de Endigital y descubre c\u00f3mo protegemos tus datos personales en el \u00e1mbito digital.\" \/>\n<meta name=\"robots\" content=\"index, follow, max-snippet:-1, max-image-preview:large, max-video-preview:-1\" \/>\n<link rel=\"canonical\" href=\"https:\/\/endigital.cat\/es\/politica-de-privacidad\/\" \/>\n<meta property=\"og:locale\" content=\"es_ES\" \/>\n<meta property=\"og:type\" content=\"article\" \/>\n<meta property=\"og:title\" content=\"Pol\u00edtica de privacidad - Endigital\" \/>\n<meta property=\"og:description\" content=\"Consulta la pol\u00edtica de privacidad de Endigital y descubre c\u00f3mo protegemos tus datos personales en el \u00e1mbito digital.\" \/>\n<meta property=\"og:url\" content=\"https:\/\/endigital.cat\/es\/politica-de-privacidad\/\" \/>\n<meta property=\"og:site_name\" content=\"Endigital\" \/>\n<meta property=\"article:modified_time\" content=\"2025-05-13T13:50:15+00:00\" \/>\n<meta property=\"og:image\" content=\"https:\/\/endigital.cat\/wp-content\/uploads\/2024\/10\/EN_DIGITAL_Simbol_vermell.webp\" \/>\n\t<meta property=\"og:image:width\" content=\"348\" \/>\n\t<meta property=\"og:image:height\" content=\"349\" \/>\n\t<meta property=\"og:image:type\" content=\"image\/webp\" \/>\n<meta name=\"twitter:card\" content=\"summary_large_image\" \/>\n<meta name=\"twitter:site\" content=\"@ConsultDigiCom\" \/>\n<meta name=\"twitter:label1\" content=\"Tiempo de lectura\" \/>\n\t<meta name=\"twitter:data1\" content=\"6 minutos\" \/>\n<script type=\"application\/ld+json\" class=\"yoast-schema-graph\">{\"@context\":\"https:\\\/\\\/schema.org\",\"@graph\":[{\"@type\":\"WebPage\",\"@id\":\"https:\\\/\\\/endigital.cat\\\/es\\\/politica-de-privacidad\\\/\",\"url\":\"https:\\\/\\\/endigital.cat\\\/es\\\/politica-de-privacidad\\\/\",\"name\":\"Pol\u00edtica de privacidad - Endigital\",\"isPartOf\":{\"@id\":\"https:\\\/\\\/endigital.cat\\\/es\\\/#website\"},\"primaryImageOfPage\":{\"@id\":\"https:\\\/\\\/endigital.cat\\\/es\\\/politica-de-privacidad\\\/#primaryimage\"},\"image\":{\"@id\":\"https:\\\/\\\/endigital.cat\\\/es\\\/politica-de-privacidad\\\/#primaryimage\"},\"thumbnailUrl\":\"https:\\\/\\\/endigital.cat\\\/wp-content\\\/uploads\\\/2024\\\/10\\\/EN_DIGITAL_Simbol_vermell.webp\",\"datePublished\":\"2024-10-01T17:03:15+00:00\",\"dateModified\":\"2025-05-13T13:50:15+00:00\",\"description\":\"Consulta la pol\u00edtica de privacidad de Endigital y descubre c\u00f3mo protegemos tus datos personales en el \u00e1mbito digital.\",\"breadcrumb\":{\"@id\":\"https:\\\/\\\/endigital.cat\\\/es\\\/politica-de-privacidad\\\/#breadcrumb\"},\"inLanguage\":\"es\",\"potentialAction\":[{\"@type\":\"ReadAction\",\"target\":[\"https:\\\/\\\/endigital.cat\\\/es\\\/politica-de-privacidad\\\/\"]}]},{\"@type\":\"ImageObject\",\"inLanguage\":\"es\",\"@id\":\"https:\\\/\\\/endigital.cat\\\/es\\\/politica-de-privacidad\\\/#primaryimage\",\"url\":\"https:\\\/\\\/endigital.cat\\\/wp-content\\\/uploads\\\/2024\\\/10\\\/EN_DIGITAL_Simbol_vermell.webp\",\"contentUrl\":\"https:\\\/\\\/endigital.cat\\\/wp-content\\\/uploads\\\/2024\\\/10\\\/EN_DIGITAL_Simbol_vermell.webp\",\"width\":348,\"height\":349,\"caption\":\"En Digital Favicon\"},{\"@type\":\"BreadcrumbList\",\"@id\":\"https:\\\/\\\/endigital.cat\\\/es\\\/politica-de-privacidad\\\/#breadcrumb\",\"itemListElement\":[{\"@type\":\"ListItem\",\"position\":1,\"name\":\"Inici\",\"item\":\"https:\\\/\\\/endigital.cat\\\/es\\\/inicio\\\/\"},{\"@type\":\"ListItem\",\"position\":2,\"name\":\"Pol\u00edtica de privacidad\"}]},{\"@type\":\"WebSite\",\"@id\":\"https:\\\/\\\/endigital.cat\\\/es\\\/#website\",\"url\":\"https:\\\/\\\/endigital.cat\\\/es\\\/\",\"name\":\"Endigital\",\"description\":\"Solucions i gesti\u00f3 de l&#039;entorn digital\",\"publisher\":{\"@id\":\"https:\\\/\\\/endigital.cat\\\/es\\\/#organization\"},\"potentialAction\":[{\"@type\":\"SearchAction\",\"target\":{\"@type\":\"EntryPoint\",\"urlTemplate\":\"https:\\\/\\\/endigital.cat\\\/es\\\/?s={search_term_string}\"},\"query-input\":{\"@type\":\"PropertyValueSpecification\",\"valueRequired\":true,\"valueName\":\"search_term_string\"}}],\"inLanguage\":\"es\"},{\"@type\":\"Organization\",\"@id\":\"https:\\\/\\\/endigital.cat\\\/es\\\/#organization\",\"name\":\"Endigital\",\"url\":\"https:\\\/\\\/endigital.cat\\\/es\\\/\",\"logo\":{\"@type\":\"ImageObject\",\"inLanguage\":\"es\",\"@id\":\"https:\\\/\\\/endigital.cat\\\/es\\\/#\\\/schema\\\/logo\\\/image\\\/\",\"url\":\"https:\\\/\\\/endigital.cat\\\/wp-content\\\/uploads\\\/2024\\\/10\\\/en-digital6-logotip.webp\",\"contentUrl\":\"https:\\\/\\\/endigital.cat\\\/wp-content\\\/uploads\\\/2024\\\/10\\\/en-digital6-logotip.webp\",\"width\":1068,\"height\":152,\"caption\":\"Endigital\"},\"image\":{\"@id\":\"https:\\\/\\\/endigital.cat\\\/es\\\/#\\\/schema\\\/logo\\\/image\\\/\"},\"sameAs\":[\"https:\\\/\\\/x.com\\\/ConsultDigiCom\",\"https:\\\/\\\/es.linkedin.com\\\/in\\\/lluisbrugueracomunicacio\\\/es\"]}]}<\/script>\n<!-- \/ Yoast SEO plugin. -->","yoast_head_json":{"title":"Pol\u00edtica de privacidad - Endigital","description":"Consulta la pol\u00edtica de privacidad de Endigital y descubre c\u00f3mo protegemos tus datos personales en el \u00e1mbito digital.","robots":{"index":"index","follow":"follow","max-snippet":"max-snippet:-1","max-image-preview":"max-image-preview:large","max-video-preview":"max-video-preview:-1"},"canonical":"https:\/\/endigital.cat\/es\/politica-de-privacidad\/","og_locale":"es_ES","og_type":"article","og_title":"Pol\u00edtica de privacidad - Endigital","og_description":"Consulta la pol\u00edtica de privacidad de Endigital y descubre c\u00f3mo protegemos tus datos personales en el \u00e1mbito digital.","og_url":"https:\/\/endigital.cat\/es\/politica-de-privacidad\/","og_site_name":"Endigital","article_modified_time":"2025-05-13T13:50:15+00:00","og_image":[{"width":348,"height":349,"url":"https:\/\/endigital.cat\/wp-content\/uploads\/2024\/10\/EN_DIGITAL_Simbol_vermell.webp","type":"image\/webp"}],"twitter_card":"summary_large_image","twitter_site":"@ConsultDigiCom","twitter_misc":{"Tiempo de lectura":"6 minutos"},"schema":{"@context":"https:\/\/schema.org","@graph":[{"@type":"WebPage","@id":"https:\/\/endigital.cat\/es\/politica-de-privacidad\/","url":"https:\/\/endigital.cat\/es\/politica-de-privacidad\/","name":"Pol\u00edtica de privacidad - Endigital","isPartOf":{"@id":"https:\/\/endigital.cat\/es\/#website"},"primaryImageOfPage":{"@id":"https:\/\/endigital.cat\/es\/politica-de-privacidad\/#primaryimage"},"image":{"@id":"https:\/\/endigital.cat\/es\/politica-de-privacidad\/#primaryimage"},"thumbnailUrl":"https:\/\/endigital.cat\/wp-content\/uploads\/2024\/10\/EN_DIGITAL_Simbol_vermell.webp","datePublished":"2024-10-01T17:03:15+00:00","dateModified":"2025-05-13T13:50:15+00:00","description":"Consulta la pol\u00edtica de privacidad de Endigital y descubre c\u00f3mo protegemos tus datos personales en el \u00e1mbito digital.","breadcrumb":{"@id":"https:\/\/endigital.cat\/es\/politica-de-privacidad\/#breadcrumb"},"inLanguage":"es","potentialAction":[{"@type":"ReadAction","target":["https:\/\/endigital.cat\/es\/politica-de-privacidad\/"]}]},{"@type":"ImageObject","inLanguage":"es","@id":"https:\/\/endigital.cat\/es\/politica-de-privacidad\/#primaryimage","url":"https:\/\/endigital.cat\/wp-content\/uploads\/2024\/10\/EN_DIGITAL_Simbol_vermell.webp","contentUrl":"https:\/\/endigital.cat\/wp-content\/uploads\/2024\/10\/EN_DIGITAL_Simbol_vermell.webp","width":348,"height":349,"caption":"En Digital Favicon"},{"@type":"BreadcrumbList","@id":"https:\/\/endigital.cat\/es\/politica-de-privacidad\/#breadcrumb","itemListElement":[{"@type":"ListItem","position":1,"name":"Inici","item":"https:\/\/endigital.cat\/es\/inicio\/"},{"@type":"ListItem","position":2,"name":"Pol\u00edtica de privacidad"}]},{"@type":"WebSite","@id":"https:\/\/endigital.cat\/es\/#website","url":"https:\/\/endigital.cat\/es\/","name":"Endigital","description":"Solucions i gesti\u00f3 de l&#039;entorn digital","publisher":{"@id":"https:\/\/endigital.cat\/es\/#organization"},"potentialAction":[{"@type":"SearchAction","target":{"@type":"EntryPoint","urlTemplate":"https:\/\/endigital.cat\/es\/?s={search_term_string}"},"query-input":{"@type":"PropertyValueSpecification","valueRequired":true,"valueName":"search_term_string"}}],"inLanguage":"es"},{"@type":"Organization","@id":"https:\/\/endigital.cat\/es\/#organization","name":"Endigital","url":"https:\/\/endigital.cat\/es\/","logo":{"@type":"ImageObject","inLanguage":"es","@id":"https:\/\/endigital.cat\/es\/#\/schema\/logo\/image\/","url":"https:\/\/endigital.cat\/wp-content\/uploads\/2024\/10\/en-digital6-logotip.webp","contentUrl":"https:\/\/endigital.cat\/wp-content\/uploads\/2024\/10\/en-digital6-logotip.webp","width":1068,"height":152,"caption":"Endigital"},"image":{"@id":"https:\/\/endigital.cat\/es\/#\/schema\/logo\/image\/"},"sameAs":["https:\/\/x.com\/ConsultDigiCom","https:\/\/es.linkedin.com\/in\/lluisbrugueracomunicacio\/es"]}]}},"_links":{"self":[{"href":"https:\/\/endigital.cat\/es\/wp-json\/wp\/v2\/pages\/541","targetHints":{"allow":["GET"]}}],"collection":[{"href":"https:\/\/endigital.cat\/es\/wp-json\/wp\/v2\/pages"}],"about":[{"href":"https:\/\/endigital.cat\/es\/wp-json\/wp\/v2\/types\/page"}],"author":[{"embeddable":true,"href":"https:\/\/endigital.cat\/es\/wp-json\/wp\/v2\/users\/1"}],"replies":[{"embeddable":true,"href":"https:\/\/endigital.cat\/es\/wp-json\/wp\/v2\/comments?post=541"}],"version-history":[{"count":2,"href":"https:\/\/endigital.cat\/es\/wp-json\/wp\/v2\/pages\/541\/revisions"}],"predecessor-version":[{"id":657,"href":"https:\/\/endigital.cat\/es\/wp-json\/wp\/v2\/pages\/541\/revisions\/657"}],"wp:featuredmedia":[{"embeddable":true,"href":"https:\/\/endigital.cat\/es\/wp-json\/wp\/v2\/media\/274"}],"wp:attachment":[{"href":"https:\/\/endigital.cat\/es\/wp-json\/wp\/v2\/media?parent=541"}],"curies":[{"name":"wp","href":"https:\/\/api.w.org\/{rel}","templated":true}]}}