{"id":539,"date":"2024-10-22T13:16:27","date_gmt":"2024-10-22T11:16:27","guid":{"rendered":"https:\/\/endigital.cat\/aviso-legal\/"},"modified":"2025-05-13T15:32:21","modified_gmt":"2025-05-13T13:32:21","slug":"aviso-legal","status":"publish","type":"page","link":"https:\/\/endigital.cat\/es\/aviso-legal\/","title":{"rendered":"Aviso legal"},"content":{"rendered":"\t\t<div data-elementor-type=\"wp-page\" data-elementor-id=\"539\" class=\"elementor elementor-539 elementor-458\" data-elementor-post-type=\"page\">\n\t\t\t\t<div class=\"elementor-element elementor-element-32e427d e-flex e-con-boxed e-con e-parent\" data-id=\"32e427d\" data-element_type=\"container\" data-e-type=\"container\">\n\t\t\t\t\t<div class=\"e-con-inner\">\n\t\t\t\t<div class=\"elementor-element elementor-element-7dcbea5 elementor-widget elementor-widget-spacer\" data-id=\"7dcbea5\" data-element_type=\"widget\" data-e-type=\"widget\" data-widget_type=\"spacer.default\">\n\t\t\t\t<div class=\"elementor-widget-container\">\n\t\t\t\t\t\t\t<div class=\"elementor-spacer\">\n\t\t\t<div class=\"elementor-spacer-inner\"><\/div>\n\t\t<\/div>\n\t\t\t\t\t\t<\/div>\n\t\t\t\t<\/div>\n\t\t\t\t<div class=\"elementor-element elementor-element-ee120ef elementor-widget elementor-widget-text-editor\" data-id=\"ee120ef\" data-element_type=\"widget\" data-e-type=\"widget\" data-widget_type=\"text-editor.default\">\n\t\t\t\t<div class=\"elementor-widget-container\">\n\t\t\t\t\t\t\t\t\t<p>El titular de esta web es:<\/p><p>Llu\u00eds Bruguera i Cortada<\/p><p>NIF: 77911114V<\/p><p>Direcci\u00f3n: Calle de la Volta, 1. 17140 Ull\u00e0 <\/p><p>hola@lluisbruguera.com<\/p><p><strong>Condiciones de uso<\/strong><\/p><p>El uso de este sitio web implica la aceptaci\u00f3n plena de los t\u00e9rminos y condiciones del presente aviso legal. Los posibles conflictos relativos a esta web se regir\u00e1n por el derecho vigente primero en Catalu\u00f1a y en ausencia de regulaci\u00f3n catalana, en la Uni\u00f3n Europea. Toda persona usuaria de la web, independientemente de la jurisdicci\u00f3n territorial desde la que se produzca su acceso, acepta el cumplimiento y respeto de estas cl\u00e1usulas con renuncia expresa a cualquier otro fuero que pudiera corresponderle.  <\/p><p><strong>Propiedad intelectual e industrial<\/strong><\/p><p>La totalidad del contenido de este sitio web, ya sean textos, im\u00e1genes, sonidos, marcas, logotipos u otros elementos, as\u00ed como subestructura, dise\u00f1o, combinaciones de colores o forma de presentaci\u00f3n de los materiales, est\u00e1n protegidos por derechos de propiedad industrial e inteligencia que el usuario de este sitio web debe respetar. No es l\u00edcita su transformaci\u00f3n o alteraci\u00f3n, comunicaci\u00f3n p\u00fablica o cualquier otra forma de explotaci\u00f3n por cualquier procedimiento sin autorizaci\u00f3n expresa y por escrito de Llu\u00eds Bruguera i Cortada. <\/p><p><strong>Responsabilidad sobre los contenidos<\/strong><\/p><p>Aunque Llu\u00eds Bruguera i Cortada act\u00faa con la m\u00e1xima diligencia posible, puede darse el caso de que alg\u00fan dato o informaci\u00f3n no est\u00e9 actualizado en el momento que el usuario del sitio web lo consulte. Por eso, las informaciones que se presentan en esta web tienen una funci\u00f3n orientativa y no obligan a Llu\u00eds Bruguera i Cortada. Igualmente, Llu\u00eds Bruguera i Cortada no ser\u00e1 responsable de la informaci\u00f3n que pueda obtenerse a trav\u00e9s de enlaces incluidos en su web. Llu\u00eds Bruguera i Cortada se reserva la facultad de realizar, en cualquier momento y sin necesidad de preaviso, modificaciones o actualizaciones de la informaci\u00f3n y de cualquiera de los elementos que integren el dise\u00f1o y configuraci\u00f3n de la p\u00e1gina web.   <\/p><p><strong>Ley aplicable y jurisdicci\u00f3n:<\/strong><\/p><p>El uso de este sitio web implica la plena aceptaci\u00f3n de los t\u00e9rminos y condiciones en el presente aviso legal. Los posibles conflictos relativos a esta web se regir\u00e1n exclusivamente por la legislaci\u00f3n aplicable en Catalu\u00f1a y en la Uni\u00f3n Europea, siendo competentes las autoridades judiciales de Catalu\u00f1a y de la Uni\u00f3n Europea para conocer cualquier cuesti\u00f3n que se suscite sobre ella. El usuario, en virtud de su aceptaci\u00f3n renuncia expresamente a cualquier fuero que por aplicaci\u00f3n de la vigente Ley de Enjuiciamiento Civil pudiera corresponderle.  <\/p><h2 id=\"qui-som\" class=\"wp-block-heading\">Qui\u00e9nes somos<\/h2><p>Nuestra direcci\u00f3n web es: https:\/\/lluisbruguera.com.<\/p><h2 id=\"comentaris\" class=\"wp-block-heading\">Comentarios<\/h2><p>Cuando los visitantes dejan comentarios en la web, recogemos los datos que se muestran en el formulario de contacto, as\u00ed como la direcci\u00f3n IP del visitante y la cadena del agente del usuario del navegador para ayudar a la detecci\u00f3n de mensajes no deseados.<\/p><p>Una cadena anonimizada creada a partir del correo electr\u00f3nico (tambi\u00e9n llamado un hash) puede proporcionarse al servicio Gravatar para ver si lo est\u00e1 usando. La pol\u00edtica de privacidad del servicio Gravatar est\u00e1 disponible aqu\u00ed: https:\/\/automattic.com\/privacy\/. Una vez aprobado el comentario, la imagen de su perfil es visible al p\u00fablico en el contexto del comentario. <\/p><h2 id=\"galetes\" class=\"wp-block-heading\">Cookies<\/h2><p>Si deja un comentario en la p\u00e1gina web, puede optar por guardar el nombre, la direcci\u00f3n de correo electr\u00f3nico y la p\u00e1gina web en las cookies. Esto es debido a su comodidad para que no tenga que rellenar los datos de nuevo cuando haga otro comentario. Estas galletas durar\u00e1n un a\u00f1o.  <\/p><p>Si tiene una cuenta e inicia sesi\u00f3n en esta p\u00e1gina web, se definir\u00e1 una cookie temporal para determinar si el navegador acepta cookies. Esta cookie no contiene datos personales y se descartar\u00e1 cuando cierre el navegador. <\/p><p>Cuando inicie sesi\u00f3n, tambi\u00e9n se configurar\u00e1n varias cookies para guardar la informaci\u00f3n de inicio de sesi\u00f3n y las opciones de visualizaci\u00f3n de la pantalla. Las galeras de inicio de sesi\u00f3n duran dos d\u00edas y las cookies de las opciones de pantalla duran un a\u00f1o. Si selecciona \u201cRecuerdeme\u201d, el inicio de sesi\u00f3n persistir\u00e1 durante dos semanas. Si finaliza la sesi\u00f3n, las cookies de inicio de sesi\u00f3n ser\u00e1n suprimidas.   <\/p><p>Si edita o publica un art\u00edculo, una cookie adicional se guardar\u00e1 en el navegador. Esta cookie no incluye datos personales y simplemente indica el identificador de la entrada que acaba de editar. Expira despu\u00e9s de 1 d\u00eda.  <\/p><h2 id=\"contingut-incrustat-d-altres-llocs-web\" class=\"wp-block-heading\">Contenido incrustado de otros sitios web<\/h2><p>Los art\u00edculos en esta p\u00e1gina web incluyen contenido incrustado (por ejemplo, v\u00eddeos, im\u00e1genes, art\u00edculos, etc.). El contenido incrustado desde otras p\u00e1ginas web se comporta exactamente de la misma forma como si el visitante estuviera visitando la otra p\u00e1gina web. <\/p><p>Estas p\u00e1ginas web pueden recoger datos sobre usted, utilizar cookies, incrustar seguimiento adicional de terceras partes, y monitorizar la interacci\u00f3n con el contenido incrustado, incluyendo la traza de la interacci\u00f3n con el contenido incrustado si tiene una cuenta y ha iniciado sesi\u00f3n en esta p\u00e1gina web.<\/p><h2 id=\"amb-qui-compartim-les-vostres-dades\" class=\"wp-block-heading\">Con quien compartimos sus datos<\/h2><p>Si solicita un reinicio de contrase\u00f1a, la direcci\u00f3n UP se incluir\u00e1 en el correo electr\u00f3nico de reinicializaci\u00f3n.<\/p><h2 id=\"quant-de-temps-retenim-les-dades\" class=\"wp-block-heading\">\u00bfCu\u00e1nto tiempo retenemos los datos<\/h2><p>Si deja un comentario, el comentario y sus datos meta se retienen indefinidamente. Esto es para poder reconocer y aprobar autom\u00e1ticamente cualquier comentario de seguimiento en lugar de mantenerlos en la cola de moderaci\u00f3n. <\/p><p>Para los usuarios que se registran en la web (si existen), tambi\u00e9n almacenamos la informaci\u00f3n personal que proporcionan a su perfil de usuario. Todos los usuarios pueden ver, editar o suprimir su informaci\u00f3n personal en cualquier momento (salvo que no pueden cambiar su nombre de usuario). Los administradores de la p\u00e1gina web pueden tambi\u00e9n editar esta informaci\u00f3n.  <\/p><h2 id=\"quins-drets-teniu-sobre-les-vostres-dades\" class=\"wp-block-heading\">Qu\u00e9 derechos tiene sobre sus datos<\/h2><p>Si tiene una cuenta en este sitio web o ha dejado comentarios, puede solicitar que le enviemos un archivo de exportaci\u00f3n de sus datos personales, incluyendo todos los datos que nos haya proporcionado. Tambi\u00e9n puede pedir que borremos cualquier dato personal que tengamos. Esto no incluye los datos que estemos obligados a conservar con prop\u00f3sitos administrativos, legales o de seguridad.  <\/p><h2 id=\"on-enviem-les-vostres-dades\" class=\"wp-block-heading\">Donde enviamos sus datos<\/h2><p>Los comentarios de los visitantes deben ser comprobados mediante un servicio de detecci\u00f3n de basura automatizado.<\/p>\t\t\t\t\t\t\t\t<\/div>\n\t\t\t\t<\/div>\n\t\t\t\t<div class=\"elementor-element elementor-element-3f998e4 elementor-widget elementor-widget-spacer\" data-id=\"3f998e4\" data-element_type=\"widget\" data-e-type=\"widget\" data-widget_type=\"spacer.default\">\n\t\t\t\t<div class=\"elementor-widget-container\">\n\t\t\t\t\t\t\t<div class=\"elementor-spacer\">\n\t\t\t<div class=\"elementor-spacer-inner\"><\/div>\n\t\t<\/div>\n\t\t\t\t\t\t<\/div>\n\t\t\t\t<\/div>\n\t\t\t\t\t<\/div>\n\t\t\t\t<\/div>\n\t\t\t\t<\/div>\n\t\t","protected":false},"excerpt":{"rendered":"<p>El titular de esta web es: Llu\u00eds Bruguera i Cortada NIF: 77911114V Direcci\u00f3n: Calle de la Volta, 1. 17140 Ull\u00e0 hola@lluisbruguera.com Condiciones de uso El uso de este sitio web implica la aceptaci\u00f3n plena de los t\u00e9rminos y condiciones del presente aviso legal. Los posibles conflictos relativos a esta web se regir\u00e1n por el derecho [&hellip;]<\/p>\n","protected":false},"author":1,"featured_media":274,"parent":0,"menu_order":0,"comment_status":"closed","ping_status":"closed","template":"elementor_header_footer","meta":{"footnotes":""},"class_list":["post-539","page","type-page","status-publish","has-post-thumbnail","hentry"],"yoast_head":"<!-- This site is optimized with the Yoast SEO plugin v27.5 - https:\/\/yoast.com\/product\/yoast-seo-wordpress\/ -->\n<title>Aviso legal - Endigital<\/title>\n<meta name=\"description\" content=\"Consulta el aviso legal de Endigital con la informaci\u00f3n sobre la titularidad, uso y responsabilidades del sitio web.\" \/>\n<meta name=\"robots\" content=\"index, follow, max-snippet:-1, max-image-preview:large, max-video-preview:-1\" \/>\n<link rel=\"canonical\" href=\"https:\/\/endigital.cat\/es\/aviso-legal\/\" \/>\n<meta property=\"og:locale\" content=\"es_ES\" \/>\n<meta property=\"og:type\" content=\"article\" \/>\n<meta property=\"og:title\" content=\"Aviso legal - Endigital\" \/>\n<meta property=\"og:description\" content=\"Consulta el aviso legal de Endigital con la informaci\u00f3n sobre la titularidad, uso y responsabilidades del sitio web.\" \/>\n<meta property=\"og:url\" content=\"https:\/\/endigital.cat\/es\/aviso-legal\/\" \/>\n<meta property=\"og:site_name\" content=\"Endigital\" \/>\n<meta property=\"article:modified_time\" content=\"2025-05-13T13:32:21+00:00\" \/>\n<meta property=\"og:image\" content=\"https:\/\/endigital.cat\/wp-content\/uploads\/2024\/10\/EN_DIGITAL_Simbol_vermell.webp\" \/>\n\t<meta property=\"og:image:width\" content=\"348\" \/>\n\t<meta property=\"og:image:height\" content=\"349\" \/>\n\t<meta property=\"og:image:type\" content=\"image\/webp\" \/>\n<meta name=\"twitter:card\" content=\"summary_large_image\" \/>\n<meta name=\"twitter:site\" content=\"@ConsultDigiCom\" \/>\n<meta name=\"twitter:label1\" content=\"Tiempo de lectura\" \/>\n\t<meta name=\"twitter:data1\" content=\"5 minutos\" \/>\n<script type=\"application\/ld+json\" class=\"yoast-schema-graph\">{\"@context\":\"https:\\\/\\\/schema.org\",\"@graph\":[{\"@type\":\"WebPage\",\"@id\":\"https:\\\/\\\/endigital.cat\\\/es\\\/aviso-legal\\\/\",\"url\":\"https:\\\/\\\/endigital.cat\\\/es\\\/aviso-legal\\\/\",\"name\":\"Aviso legal - Endigital\",\"isPartOf\":{\"@id\":\"https:\\\/\\\/endigital.cat\\\/es\\\/#website\"},\"primaryImageOfPage\":{\"@id\":\"https:\\\/\\\/endigital.cat\\\/es\\\/aviso-legal\\\/#primaryimage\"},\"image\":{\"@id\":\"https:\\\/\\\/endigital.cat\\\/es\\\/aviso-legal\\\/#primaryimage\"},\"thumbnailUrl\":\"https:\\\/\\\/endigital.cat\\\/wp-content\\\/uploads\\\/2024\\\/10\\\/EN_DIGITAL_Simbol_vermell.webp\",\"datePublished\":\"2024-10-22T11:16:27+00:00\",\"dateModified\":\"2025-05-13T13:32:21+00:00\",\"description\":\"Consulta el aviso legal de Endigital con la informaci\u00f3n sobre la titularidad, uso y responsabilidades del sitio web.\",\"breadcrumb\":{\"@id\":\"https:\\\/\\\/endigital.cat\\\/es\\\/aviso-legal\\\/#breadcrumb\"},\"inLanguage\":\"es\",\"potentialAction\":[{\"@type\":\"ReadAction\",\"target\":[\"https:\\\/\\\/endigital.cat\\\/es\\\/aviso-legal\\\/\"]}]},{\"@type\":\"ImageObject\",\"inLanguage\":\"es\",\"@id\":\"https:\\\/\\\/endigital.cat\\\/es\\\/aviso-legal\\\/#primaryimage\",\"url\":\"https:\\\/\\\/endigital.cat\\\/wp-content\\\/uploads\\\/2024\\\/10\\\/EN_DIGITAL_Simbol_vermell.webp\",\"contentUrl\":\"https:\\\/\\\/endigital.cat\\\/wp-content\\\/uploads\\\/2024\\\/10\\\/EN_DIGITAL_Simbol_vermell.webp\",\"width\":348,\"height\":349,\"caption\":\"En Digital Favicon\"},{\"@type\":\"BreadcrumbList\",\"@id\":\"https:\\\/\\\/endigital.cat\\\/es\\\/aviso-legal\\\/#breadcrumb\",\"itemListElement\":[{\"@type\":\"ListItem\",\"position\":1,\"name\":\"Inici\",\"item\":\"https:\\\/\\\/endigital.cat\\\/es\\\/inicio\\\/\"},{\"@type\":\"ListItem\",\"position\":2,\"name\":\"Aviso legal\"}]},{\"@type\":\"WebSite\",\"@id\":\"https:\\\/\\\/endigital.cat\\\/es\\\/#website\",\"url\":\"https:\\\/\\\/endigital.cat\\\/es\\\/\",\"name\":\"Endigital\",\"description\":\"Solucions i gesti\u00f3 de l&#039;entorn digital\",\"publisher\":{\"@id\":\"https:\\\/\\\/endigital.cat\\\/es\\\/#organization\"},\"potentialAction\":[{\"@type\":\"SearchAction\",\"target\":{\"@type\":\"EntryPoint\",\"urlTemplate\":\"https:\\\/\\\/endigital.cat\\\/es\\\/?s={search_term_string}\"},\"query-input\":{\"@type\":\"PropertyValueSpecification\",\"valueRequired\":true,\"valueName\":\"search_term_string\"}}],\"inLanguage\":\"es\"},{\"@type\":\"Organization\",\"@id\":\"https:\\\/\\\/endigital.cat\\\/es\\\/#organization\",\"name\":\"Endigital\",\"url\":\"https:\\\/\\\/endigital.cat\\\/es\\\/\",\"logo\":{\"@type\":\"ImageObject\",\"inLanguage\":\"es\",\"@id\":\"https:\\\/\\\/endigital.cat\\\/es\\\/#\\\/schema\\\/logo\\\/image\\\/\",\"url\":\"https:\\\/\\\/endigital.cat\\\/wp-content\\\/uploads\\\/2024\\\/10\\\/en-digital6-logotip.webp\",\"contentUrl\":\"https:\\\/\\\/endigital.cat\\\/wp-content\\\/uploads\\\/2024\\\/10\\\/en-digital6-logotip.webp\",\"width\":1068,\"height\":152,\"caption\":\"Endigital\"},\"image\":{\"@id\":\"https:\\\/\\\/endigital.cat\\\/es\\\/#\\\/schema\\\/logo\\\/image\\\/\"},\"sameAs\":[\"https:\\\/\\\/x.com\\\/ConsultDigiCom\",\"https:\\\/\\\/es.linkedin.com\\\/in\\\/lluisbrugueracomunicacio\\\/es\"]}]}<\/script>\n<!-- \/ Yoast SEO plugin. -->","yoast_head_json":{"title":"Aviso legal - Endigital","description":"Consulta el aviso legal de Endigital con la informaci\u00f3n sobre la titularidad, uso y responsabilidades del sitio web.","robots":{"index":"index","follow":"follow","max-snippet":"max-snippet:-1","max-image-preview":"max-image-preview:large","max-video-preview":"max-video-preview:-1"},"canonical":"https:\/\/endigital.cat\/es\/aviso-legal\/","og_locale":"es_ES","og_type":"article","og_title":"Aviso legal - Endigital","og_description":"Consulta el aviso legal de Endigital con la informaci\u00f3n sobre la titularidad, uso y responsabilidades del sitio web.","og_url":"https:\/\/endigital.cat\/es\/aviso-legal\/","og_site_name":"Endigital","article_modified_time":"2025-05-13T13:32:21+00:00","og_image":[{"width":348,"height":349,"url":"https:\/\/endigital.cat\/wp-content\/uploads\/2024\/10\/EN_DIGITAL_Simbol_vermell.webp","type":"image\/webp"}],"twitter_card":"summary_large_image","twitter_site":"@ConsultDigiCom","twitter_misc":{"Tiempo de lectura":"5 minutos"},"schema":{"@context":"https:\/\/schema.org","@graph":[{"@type":"WebPage","@id":"https:\/\/endigital.cat\/es\/aviso-legal\/","url":"https:\/\/endigital.cat\/es\/aviso-legal\/","name":"Aviso legal - Endigital","isPartOf":{"@id":"https:\/\/endigital.cat\/es\/#website"},"primaryImageOfPage":{"@id":"https:\/\/endigital.cat\/es\/aviso-legal\/#primaryimage"},"image":{"@id":"https:\/\/endigital.cat\/es\/aviso-legal\/#primaryimage"},"thumbnailUrl":"https:\/\/endigital.cat\/wp-content\/uploads\/2024\/10\/EN_DIGITAL_Simbol_vermell.webp","datePublished":"2024-10-22T11:16:27+00:00","dateModified":"2025-05-13T13:32:21+00:00","description":"Consulta el aviso legal de Endigital con la informaci\u00f3n sobre la titularidad, uso y responsabilidades del sitio web.","breadcrumb":{"@id":"https:\/\/endigital.cat\/es\/aviso-legal\/#breadcrumb"},"inLanguage":"es","potentialAction":[{"@type":"ReadAction","target":["https:\/\/endigital.cat\/es\/aviso-legal\/"]}]},{"@type":"ImageObject","inLanguage":"es","@id":"https:\/\/endigital.cat\/es\/aviso-legal\/#primaryimage","url":"https:\/\/endigital.cat\/wp-content\/uploads\/2024\/10\/EN_DIGITAL_Simbol_vermell.webp","contentUrl":"https:\/\/endigital.cat\/wp-content\/uploads\/2024\/10\/EN_DIGITAL_Simbol_vermell.webp","width":348,"height":349,"caption":"En Digital Favicon"},{"@type":"BreadcrumbList","@id":"https:\/\/endigital.cat\/es\/aviso-legal\/#breadcrumb","itemListElement":[{"@type":"ListItem","position":1,"name":"Inici","item":"https:\/\/endigital.cat\/es\/inicio\/"},{"@type":"ListItem","position":2,"name":"Aviso legal"}]},{"@type":"WebSite","@id":"https:\/\/endigital.cat\/es\/#website","url":"https:\/\/endigital.cat\/es\/","name":"Endigital","description":"Solucions i gesti\u00f3 de l&#039;entorn digital","publisher":{"@id":"https:\/\/endigital.cat\/es\/#organization"},"potentialAction":[{"@type":"SearchAction","target":{"@type":"EntryPoint","urlTemplate":"https:\/\/endigital.cat\/es\/?s={search_term_string}"},"query-input":{"@type":"PropertyValueSpecification","valueRequired":true,"valueName":"search_term_string"}}],"inLanguage":"es"},{"@type":"Organization","@id":"https:\/\/endigital.cat\/es\/#organization","name":"Endigital","url":"https:\/\/endigital.cat\/es\/","logo":{"@type":"ImageObject","inLanguage":"es","@id":"https:\/\/endigital.cat\/es\/#\/schema\/logo\/image\/","url":"https:\/\/endigital.cat\/wp-content\/uploads\/2024\/10\/en-digital6-logotip.webp","contentUrl":"https:\/\/endigital.cat\/wp-content\/uploads\/2024\/10\/en-digital6-logotip.webp","width":1068,"height":152,"caption":"Endigital"},"image":{"@id":"https:\/\/endigital.cat\/es\/#\/schema\/logo\/image\/"},"sameAs":["https:\/\/x.com\/ConsultDigiCom","https:\/\/es.linkedin.com\/in\/lluisbrugueracomunicacio\/es"]}]}},"_links":{"self":[{"href":"https:\/\/endigital.cat\/es\/wp-json\/wp\/v2\/pages\/539","targetHints":{"allow":["GET"]}}],"collection":[{"href":"https:\/\/endigital.cat\/es\/wp-json\/wp\/v2\/pages"}],"about":[{"href":"https:\/\/endigital.cat\/es\/wp-json\/wp\/v2\/types\/page"}],"author":[{"embeddable":true,"href":"https:\/\/endigital.cat\/es\/wp-json\/wp\/v2\/users\/1"}],"replies":[{"embeddable":true,"href":"https:\/\/endigital.cat\/es\/wp-json\/wp\/v2\/comments?post=539"}],"version-history":[{"count":2,"href":"https:\/\/endigital.cat\/es\/wp-json\/wp\/v2\/pages\/539\/revisions"}],"predecessor-version":[{"id":652,"href":"https:\/\/endigital.cat\/es\/wp-json\/wp\/v2\/pages\/539\/revisions\/652"}],"wp:featuredmedia":[{"embeddable":true,"href":"https:\/\/endigital.cat\/es\/wp-json\/wp\/v2\/media\/274"}],"wp:attachment":[{"href":"https:\/\/endigital.cat\/es\/wp-json\/wp\/v2\/media?parent=539"}],"curies":[{"name":"wp","href":"https:\/\/api.w.org\/{rel}","templated":true}]}}