{"id":527,"date":"2024-10-15T13:01:54","date_gmt":"2024-10-15T11:01:54","guid":{"rendered":"https:\/\/endigital.cat\/blog\/"},"modified":"2025-05-13T15:33:38","modified_gmt":"2025-05-13T13:33:38","slug":"blog","status":"publish","type":"page","link":"https:\/\/endigital.cat\/es\/blog\/","title":{"rendered":"Blog"},"content":{"rendered":"\t\t<div data-elementor-type=\"wp-page\" data-elementor-id=\"527\" class=\"elementor elementor-527 elementor-325\" data-elementor-post-type=\"page\">\n\t\t\t\t<div class=\"elementor-element elementor-element-f82cb84 e-con-full e-flex e-con e-parent\" data-id=\"f82cb84\" data-element_type=\"container\" data-e-type=\"container\" data-settings=\"{&quot;background_background&quot;:&quot;classic&quot;}\">\n\t\t\t\t<div class=\"elementor-element elementor-element-c615c8e animated-slow elementor-invisible elementor-widget elementor-widget-heading\" data-id=\"c615c8e\" data-element_type=\"widget\" data-e-type=\"widget\" data-settings=\"{&quot;_animation&quot;:&quot;fadeInUp&quot;,&quot;_animation_delay&quot;:500}\" data-widget_type=\"heading.default\">\n\t\t\t\t<div class=\"elementor-widget-container\">\n\t\t\t\t\t<h1 class=\"elementor-heading-title elementor-size-default\">Blog<\/h1>\t\t\t\t<\/div>\n\t\t\t\t<\/div>\n\t\t\t\t<div class=\"elementor-element elementor-element-fb3013d elementor-widget-divider--view-line elementor-invisible elementor-widget elementor-widget-divider\" data-id=\"fb3013d\" data-element_type=\"widget\" data-e-type=\"widget\" data-settings=\"{&quot;_animation&quot;:&quot;fadeInLeft&quot;}\" data-widget_type=\"divider.default\">\n\t\t\t\t<div class=\"elementor-widget-container\">\n\t\t\t\t\t\t\t<div class=\"elementor-divider\">\n\t\t\t<span class=\"elementor-divider-separator\">\n\t\t\t\t\t\t<\/span>\n\t\t<\/div>\n\t\t\t\t\t\t<\/div>\n\t\t\t\t<\/div>\n\t\t\t\t<\/div>\n\t\t<div class=\"elementor-element elementor-element-5777a5e e-con-full e-flex e-con e-parent\" data-id=\"5777a5e\" data-element_type=\"container\" data-e-type=\"container\">\n\t\t\t\t<div class=\"elementor-element elementor-element-9cf13e1 eael_liquid_glass-effect1 eael_liquid_glass_shadow-effect1 elementor-widget elementor-widget-jet-listing-grid\" data-id=\"9cf13e1\" data-element_type=\"widget\" data-e-type=\"widget\" data-settings=\"{&quot;columns&quot;:3,&quot;columns_tablet&quot;:&quot;2&quot;,&quot;columns_mobile&quot;:&quot;1&quot;}\" data-widget_type=\"jet-listing-grid.default\">\n\t\t\t\t<div class=\"elementor-widget-container\">\n\t\t\t\t\t<div class=\"jet-listing-grid jet-listing\"><div class=\"jet-listing-grid__items grid-col-desk-3 grid-col-tablet-2 grid-col-mobile-1 jet-listing-grid--233\" data-queried-id=\"527|WP_Post\" data-nav=\"{&quot;enabled&quot;:false,&quot;type&quot;:null,&quot;more_el&quot;:null,&quot;query&quot;:[],&quot;widget_settings&quot;:{&quot;lisitng_id&quot;:233,&quot;posts_num&quot;:6,&quot;columns&quot;:3,&quot;columns_tablet&quot;:2,&quot;columns_mobile&quot;:1,&quot;column_min_width&quot;:240,&quot;column_min_width_tablet&quot;:240,&quot;column_min_width_mobile&quot;:240,&quot;inline_columns_css&quot;:false,&quot;is_archive_template&quot;:&quot;&quot;,&quot;post_status&quot;:[&quot;publish&quot;],&quot;use_random_posts_num&quot;:&quot;&quot;,&quot;max_posts_num&quot;:9,&quot;not_found_message&quot;:&quot;No data was found&quot;,&quot;is_masonry&quot;:false,&quot;equal_columns_height&quot;:&quot;&quot;,&quot;use_load_more&quot;:&quot;&quot;,&quot;load_more_id&quot;:&quot;&quot;,&quot;load_more_type&quot;:&quot;click&quot;,&quot;load_more_offset&quot;:{&quot;unit&quot;:&quot;px&quot;,&quot;size&quot;:0,&quot;sizes&quot;:[]},&quot;use_custom_post_types&quot;:&quot;&quot;,&quot;custom_post_types&quot;:[],&quot;hide_widget_if&quot;:&quot;&quot;,&quot;carousel_enabled&quot;:&quot;&quot;,&quot;slides_to_scroll&quot;:&quot;1&quot;,&quot;arrows&quot;:&quot;true&quot;,&quot;arrow_icon&quot;:&quot;fa fa-angle-left&quot;,&quot;dots&quot;:&quot;&quot;,&quot;autoplay&quot;:&quot;true&quot;,&quot;pause_on_hover&quot;:&quot;true&quot;,&quot;autoplay_speed&quot;:5000,&quot;infinite&quot;:&quot;true&quot;,&quot;center_mode&quot;:&quot;&quot;,&quot;effect&quot;:&quot;slide&quot;,&quot;speed&quot;:500,&quot;inject_alternative_items&quot;:&quot;&quot;,&quot;injection_items&quot;:[],&quot;scroll_slider_enabled&quot;:&quot;&quot;,&quot;scroll_slider_on&quot;:[&quot;desktop&quot;,&quot;tablet&quot;,&quot;mobile&quot;],&quot;custom_query&quot;:false,&quot;custom_query_id&quot;:&quot;&quot;,&quot;_element_id&quot;:&quot;&quot;,&quot;collapse_first_last_gap&quot;:false,&quot;list_tag_selection&quot;:&quot;&quot;,&quot;list_items_wrapper_tag&quot;:&quot;div&quot;,&quot;list_item_tag&quot;:&quot;div&quot;,&quot;empty_items_wrapper_tag&quot;:&quot;div&quot;}}\" data-page=\"1\" data-pages=\"1\" data-listing-source=\"posts\" data-listing-id=\"233\" data-query-id=\"\"><div class=\"jet-listing-grid__item jet-listing-dynamic-post-513\" data-post-id=\"513\"  ><style type=\"text\/css\">.jet-listing-dynamic-post-513 .elementor-element.elementor-element-418a2f8:not(.elementor-motion-effects-element-type-background), .jet-listing-dynamic-post-513 .elementor-element.elementor-element-418a2f8 > .elementor-motion-effects-container > .elementor-motion-effects-layer{background-image:url(\"https:\/\/endigital.cat\/wp-content\/uploads\/2024\/10\/en-digital13.jpg\");}<\/style>\t\t<div data-elementor-type=\"jet-listing-items\" data-elementor-id=\"233\" class=\"elementor elementor-233\" data-elementor-post-type=\"jet-engine\">\n\t\t\t\t<a class=\"elementor-element elementor-element-eb31b6a e-con-full e-flex e-con e-parent\" data-id=\"eb31b6a\" data-element_type=\"container\" data-e-type=\"container\">\n\t\t<a class=\"elementor-element elementor-element-418a2f8 e-con-full e-flex e-con e-child\" data-id=\"418a2f8\" data-element_type=\"container\" data-e-type=\"container\" data-settings=\"{&quot;background_background&quot;:&quot;classic&quot;}\" href=\"https:\/\/endigital.cat\/es\/estrenamos-nueva-pagina-web\/\">\n\t\t<div class=\"elementor-element elementor-element-3a4f3d3 e-con-full e-flex e-con e-child\" data-id=\"3a4f3d3\" data-element_type=\"container\" data-e-type=\"container\">\n\t\t<div class=\"elementor-element elementor-element-1b4ae2a e-con-full e-flex e-con e-child\" data-id=\"1b4ae2a\" data-element_type=\"container\" data-e-type=\"container\">\n\t\t\t\t<\/div>\n\t\t<div class=\"elementor-element elementor-element-611bbe6 e-con-full e-flex e-con e-child\" data-id=\"611bbe6\" data-element_type=\"container\" data-e-type=\"container\">\n\t\t\t\t<\/div>\n\t\t\t\t<\/div>\n\t\t\t\t<\/a>\n\t\t<div class=\"elementor-element elementor-element-2b5bab8 e-con-full e-flex e-con e-child\" data-id=\"2b5bab8\" data-element_type=\"container\" data-e-type=\"container\" data-settings=\"{&quot;background_background&quot;:&quot;classic&quot;}\">\n\t\t\t\t<div class=\"elementor-element elementor-element-c0eca52 elementor-invisible elementor-widget elementor-widget-heading\" data-id=\"c0eca52\" data-element_type=\"widget\" data-e-type=\"widget\" data-settings=\"{&quot;_animation&quot;:&quot;fadeIn&quot;,&quot;_animation_delay&quot;:400}\" data-widget_type=\"heading.default\">\n\t\t\t\t<div class=\"elementor-widget-container\">\n\t\t\t\t\t<h3 class=\"elementor-heading-title elementor-size-default\">Estrenamos nueva p\u00e1gina web<\/h3>\t\t\t\t<\/div>\n\t\t\t\t<\/div>\n\t\t\t\t<\/div>\n\t\t<div class=\"elementor-element elementor-element-bf44dca e-con-full e-flex e-con e-child\" data-id=\"bf44dca\" data-element_type=\"container\" data-e-type=\"container\" data-settings=\"{&quot;background_background&quot;:&quot;classic&quot;}\">\n\t\t\t\t<div class=\"elementor-element elementor-element-86efcb9 elementor-widget elementor-widget-text-editor\" data-id=\"86efcb9\" data-element_type=\"widget\" data-e-type=\"widget\" data-widget_type=\"text-editor.default\">\n\t\t\t\t<div class=\"elementor-widget-container\">\n\t\t\t\t\t\t\t\t\t23.10.2024\t\t\t\t\t\t\t\t<\/div>\n\t\t\t\t<\/div>\n\t\t\t\t<div class=\"elementor-element elementor-element-2ad36be elementor-align-right elementor-mobile-align-center e-transform elementor-widget elementor-widget-button\" data-id=\"2ad36be\" data-element_type=\"widget\" data-e-type=\"widget\" data-settings=\"{&quot;_transform_translateX_effect_hover&quot;:{&quot;unit&quot;:&quot;px&quot;,&quot;size&quot;:6,&quot;sizes&quot;:[]},&quot;_transform_translateX_effect_hover_tablet&quot;:{&quot;unit&quot;:&quot;px&quot;,&quot;size&quot;:&quot;&quot;,&quot;sizes&quot;:[]},&quot;_transform_translateX_effect_hover_mobile&quot;:{&quot;unit&quot;:&quot;px&quot;,&quot;size&quot;:&quot;&quot;,&quot;sizes&quot;:[]},&quot;_transform_translateY_effect_hover&quot;:{&quot;unit&quot;:&quot;px&quot;,&quot;size&quot;:&quot;&quot;,&quot;sizes&quot;:[]},&quot;_transform_translateY_effect_hover_tablet&quot;:{&quot;unit&quot;:&quot;px&quot;,&quot;size&quot;:&quot;&quot;,&quot;sizes&quot;:[]},&quot;_transform_translateY_effect_hover_mobile&quot;:{&quot;unit&quot;:&quot;px&quot;,&quot;size&quot;:&quot;&quot;,&quot;sizes&quot;:[]}}\" data-widget_type=\"button.default\">\n\t\t\t\t<div class=\"elementor-widget-container\">\n\t\t\t\t\t\t\t\t\t<div class=\"elementor-button-wrapper\">\n\t\t\t\t\t<a class=\"elementor-button elementor-button-link elementor-size-sm\" href=\"https:\/\/endigital.cat\/es\/estrenamos-nueva-pagina-web\/\">\n\t\t\t\t\t\t<span class=\"elementor-button-content-wrapper\">\n\t\t\t\t\t\t<span class=\"elementor-button-icon\">\n\t\t\t\t<svg aria-hidden=\"true\" class=\"e-font-icon-svg e-fas-chevron-right\" viewBox=\"0 0 320 512\" xmlns=\"http:\/\/www.w3.org\/2000\/svg\"><path d=\"M285.476 272.971L91.132 467.314c-9.373 9.373-24.569 9.373-33.941 0l-22.667-22.667c-9.357-9.357-9.375-24.522-.04-33.901L188.505 256 34.484 101.255c-9.335-9.379-9.317-24.544.04-33.901l22.667-22.667c9.373-9.373 24.569-9.373 33.941 0L285.475 239.03c9.373 9.372 9.373 24.568.001 33.941z\"><\/path><\/svg>\t\t\t<\/span>\n\t\t\t\t\t\t\t\t\t<span class=\"elementor-button-text\">Llegeix m\u00e9s <\/span>\n\t\t\t\t\t<\/span>\n\t\t\t\t\t<\/a>\n\t\t\t\t<\/div>\n\t\t\t\t\t\t\t\t<\/div>\n\t\t\t\t<\/div>\n\t\t\t\t<\/div>\n\t\t\t\t<\/a>\n\t\t\t\t<\/div>\n\t\t<\/div><\/div><\/div>\t\t\t\t<\/div>\n\t\t\t\t<\/div>\n\t\t\t\t<\/div>\n\t\t\t\t<\/div>\n\t\t","protected":false},"excerpt":{"rendered":"<p>Blog Llegeix m\u00e9s<\/p>\n","protected":false},"author":1,"featured_media":274,"parent":0,"menu_order":0,"comment_status":"closed","ping_status":"closed","template":"elementor_header_footer","meta":{"footnotes":""},"class_list":["post-527","page","type-page","status-publish","has-post-thumbnail","hentry"],"yoast_head":"<!-- This site is optimized with the Yoast SEO plugin v27.5 - https:\/\/yoast.com\/product\/yoast-seo-wordpress\/ -->\n<title>Blog mundo digital - Endigital<\/title>\n<meta name=\"description\" content=\"Explora el blog de Endigital con art\u00edculos sobre tecnolog\u00eda, innovaci\u00f3n y tendencias del mundo digital. Actual\u00edzate e inspirate.\" \/>\n<meta name=\"robots\" content=\"index, follow, max-snippet:-1, max-image-preview:large, max-video-preview:-1\" \/>\n<link rel=\"canonical\" href=\"https:\/\/endigital.cat\/es\/blog\/\" \/>\n<meta property=\"og:locale\" content=\"es_ES\" \/>\n<meta property=\"og:type\" content=\"article\" \/>\n<meta property=\"og:title\" content=\"Blog mundo digital - Endigital\" \/>\n<meta property=\"og:description\" content=\"Explora el blog de Endigital con art\u00edculos sobre tecnolog\u00eda, innovaci\u00f3n y tendencias del mundo digital. Actual\u00edzate e inspirate.\" \/>\n<meta property=\"og:url\" content=\"https:\/\/endigital.cat\/es\/blog\/\" \/>\n<meta property=\"og:site_name\" content=\"Endigital\" \/>\n<meta property=\"article:modified_time\" content=\"2025-05-13T13:33:38+00:00\" \/>\n<meta property=\"og:image\" content=\"https:\/\/endigital.cat\/wp-content\/uploads\/2024\/10\/EN_DIGITAL_Simbol_vermell.webp\" \/>\n\t<meta property=\"og:image:width\" content=\"348\" \/>\n\t<meta property=\"og:image:height\" content=\"349\" \/>\n\t<meta property=\"og:image:type\" content=\"image\/webp\" \/>\n<meta name=\"twitter:card\" content=\"summary_large_image\" \/>\n<meta name=\"twitter:site\" content=\"@ConsultDigiCom\" \/>\n<script type=\"application\/ld+json\" class=\"yoast-schema-graph\">{\"@context\":\"https:\\\/\\\/schema.org\",\"@graph\":[{\"@type\":\"WebPage\",\"@id\":\"https:\\\/\\\/endigital.cat\\\/es\\\/blog\\\/\",\"url\":\"https:\\\/\\\/endigital.cat\\\/es\\\/blog\\\/\",\"name\":\"Blog mundo digital - Endigital\",\"isPartOf\":{\"@id\":\"https:\\\/\\\/endigital.cat\\\/es\\\/#website\"},\"primaryImageOfPage\":{\"@id\":\"https:\\\/\\\/endigital.cat\\\/es\\\/blog\\\/#primaryimage\"},\"image\":{\"@id\":\"https:\\\/\\\/endigital.cat\\\/es\\\/blog\\\/#primaryimage\"},\"thumbnailUrl\":\"https:\\\/\\\/endigital.cat\\\/wp-content\\\/uploads\\\/2024\\\/10\\\/EN_DIGITAL_Simbol_vermell.webp\",\"datePublished\":\"2024-10-15T11:01:54+00:00\",\"dateModified\":\"2025-05-13T13:33:38+00:00\",\"description\":\"Explora el blog de Endigital con art\u00edculos sobre tecnolog\u00eda, innovaci\u00f3n y tendencias del mundo digital. Actual\u00edzate e inspirate.\",\"breadcrumb\":{\"@id\":\"https:\\\/\\\/endigital.cat\\\/es\\\/blog\\\/#breadcrumb\"},\"inLanguage\":\"es\",\"potentialAction\":[{\"@type\":\"ReadAction\",\"target\":[\"https:\\\/\\\/endigital.cat\\\/es\\\/blog\\\/\"]}]},{\"@type\":\"ImageObject\",\"inLanguage\":\"es\",\"@id\":\"https:\\\/\\\/endigital.cat\\\/es\\\/blog\\\/#primaryimage\",\"url\":\"https:\\\/\\\/endigital.cat\\\/wp-content\\\/uploads\\\/2024\\\/10\\\/EN_DIGITAL_Simbol_vermell.webp\",\"contentUrl\":\"https:\\\/\\\/endigital.cat\\\/wp-content\\\/uploads\\\/2024\\\/10\\\/EN_DIGITAL_Simbol_vermell.webp\",\"width\":348,\"height\":349,\"caption\":\"En Digital Favicon\"},{\"@type\":\"BreadcrumbList\",\"@id\":\"https:\\\/\\\/endigital.cat\\\/es\\\/blog\\\/#breadcrumb\",\"itemListElement\":[{\"@type\":\"ListItem\",\"position\":1,\"name\":\"Inici\",\"item\":\"https:\\\/\\\/endigital.cat\\\/es\\\/inicio\\\/\"},{\"@type\":\"ListItem\",\"position\":2,\"name\":\"Blog\"}]},{\"@type\":\"WebSite\",\"@id\":\"https:\\\/\\\/endigital.cat\\\/es\\\/#website\",\"url\":\"https:\\\/\\\/endigital.cat\\\/es\\\/\",\"name\":\"Endigital\",\"description\":\"Solucions i gesti\u00f3 de l&#039;entorn digital\",\"publisher\":{\"@id\":\"https:\\\/\\\/endigital.cat\\\/es\\\/#organization\"},\"potentialAction\":[{\"@type\":\"SearchAction\",\"target\":{\"@type\":\"EntryPoint\",\"urlTemplate\":\"https:\\\/\\\/endigital.cat\\\/es\\\/?s={search_term_string}\"},\"query-input\":{\"@type\":\"PropertyValueSpecification\",\"valueRequired\":true,\"valueName\":\"search_term_string\"}}],\"inLanguage\":\"es\"},{\"@type\":\"Organization\",\"@id\":\"https:\\\/\\\/endigital.cat\\\/es\\\/#organization\",\"name\":\"Endigital\",\"url\":\"https:\\\/\\\/endigital.cat\\\/es\\\/\",\"logo\":{\"@type\":\"ImageObject\",\"inLanguage\":\"es\",\"@id\":\"https:\\\/\\\/endigital.cat\\\/es\\\/#\\\/schema\\\/logo\\\/image\\\/\",\"url\":\"https:\\\/\\\/endigital.cat\\\/wp-content\\\/uploads\\\/2024\\\/10\\\/en-digital6-logotip.webp\",\"contentUrl\":\"https:\\\/\\\/endigital.cat\\\/wp-content\\\/uploads\\\/2024\\\/10\\\/en-digital6-logotip.webp\",\"width\":1068,\"height\":152,\"caption\":\"Endigital\"},\"image\":{\"@id\":\"https:\\\/\\\/endigital.cat\\\/es\\\/#\\\/schema\\\/logo\\\/image\\\/\"},\"sameAs\":[\"https:\\\/\\\/x.com\\\/ConsultDigiCom\",\"https:\\\/\\\/es.linkedin.com\\\/in\\\/lluisbrugueracomunicacio\\\/es\"]}]}<\/script>\n<!-- \/ Yoast SEO plugin. -->","yoast_head_json":{"title":"Blog mundo digital - Endigital","description":"Explora el blog de Endigital con art\u00edculos sobre tecnolog\u00eda, innovaci\u00f3n y tendencias del mundo digital. Actual\u00edzate e inspirate.","robots":{"index":"index","follow":"follow","max-snippet":"max-snippet:-1","max-image-preview":"max-image-preview:large","max-video-preview":"max-video-preview:-1"},"canonical":"https:\/\/endigital.cat\/es\/blog\/","og_locale":"es_ES","og_type":"article","og_title":"Blog mundo digital - Endigital","og_description":"Explora el blog de Endigital con art\u00edculos sobre tecnolog\u00eda, innovaci\u00f3n y tendencias del mundo digital. Actual\u00edzate e inspirate.","og_url":"https:\/\/endigital.cat\/es\/blog\/","og_site_name":"Endigital","article_modified_time":"2025-05-13T13:33:38+00:00","og_image":[{"width":348,"height":349,"url":"https:\/\/endigital.cat\/wp-content\/uploads\/2024\/10\/EN_DIGITAL_Simbol_vermell.webp","type":"image\/webp"}],"twitter_card":"summary_large_image","twitter_site":"@ConsultDigiCom","schema":{"@context":"https:\/\/schema.org","@graph":[{"@type":"WebPage","@id":"https:\/\/endigital.cat\/es\/blog\/","url":"https:\/\/endigital.cat\/es\/blog\/","name":"Blog mundo digital - Endigital","isPartOf":{"@id":"https:\/\/endigital.cat\/es\/#website"},"primaryImageOfPage":{"@id":"https:\/\/endigital.cat\/es\/blog\/#primaryimage"},"image":{"@id":"https:\/\/endigital.cat\/es\/blog\/#primaryimage"},"thumbnailUrl":"https:\/\/endigital.cat\/wp-content\/uploads\/2024\/10\/EN_DIGITAL_Simbol_vermell.webp","datePublished":"2024-10-15T11:01:54+00:00","dateModified":"2025-05-13T13:33:38+00:00","description":"Explora el blog de Endigital con art\u00edculos sobre tecnolog\u00eda, innovaci\u00f3n y tendencias del mundo digital. Actual\u00edzate e inspirate.","breadcrumb":{"@id":"https:\/\/endigital.cat\/es\/blog\/#breadcrumb"},"inLanguage":"es","potentialAction":[{"@type":"ReadAction","target":["https:\/\/endigital.cat\/es\/blog\/"]}]},{"@type":"ImageObject","inLanguage":"es","@id":"https:\/\/endigital.cat\/es\/blog\/#primaryimage","url":"https:\/\/endigital.cat\/wp-content\/uploads\/2024\/10\/EN_DIGITAL_Simbol_vermell.webp","contentUrl":"https:\/\/endigital.cat\/wp-content\/uploads\/2024\/10\/EN_DIGITAL_Simbol_vermell.webp","width":348,"height":349,"caption":"En Digital Favicon"},{"@type":"BreadcrumbList","@id":"https:\/\/endigital.cat\/es\/blog\/#breadcrumb","itemListElement":[{"@type":"ListItem","position":1,"name":"Inici","item":"https:\/\/endigital.cat\/es\/inicio\/"},{"@type":"ListItem","position":2,"name":"Blog"}]},{"@type":"WebSite","@id":"https:\/\/endigital.cat\/es\/#website","url":"https:\/\/endigital.cat\/es\/","name":"Endigital","description":"Solucions i gesti\u00f3 de l&#039;entorn digital","publisher":{"@id":"https:\/\/endigital.cat\/es\/#organization"},"potentialAction":[{"@type":"SearchAction","target":{"@type":"EntryPoint","urlTemplate":"https:\/\/endigital.cat\/es\/?s={search_term_string}"},"query-input":{"@type":"PropertyValueSpecification","valueRequired":true,"valueName":"search_term_string"}}],"inLanguage":"es"},{"@type":"Organization","@id":"https:\/\/endigital.cat\/es\/#organization","name":"Endigital","url":"https:\/\/endigital.cat\/es\/","logo":{"@type":"ImageObject","inLanguage":"es","@id":"https:\/\/endigital.cat\/es\/#\/schema\/logo\/image\/","url":"https:\/\/endigital.cat\/wp-content\/uploads\/2024\/10\/en-digital6-logotip.webp","contentUrl":"https:\/\/endigital.cat\/wp-content\/uploads\/2024\/10\/en-digital6-logotip.webp","width":1068,"height":152,"caption":"Endigital"},"image":{"@id":"https:\/\/endigital.cat\/es\/#\/schema\/logo\/image\/"},"sameAs":["https:\/\/x.com\/ConsultDigiCom","https:\/\/es.linkedin.com\/in\/lluisbrugueracomunicacio\/es"]}]}},"_links":{"self":[{"href":"https:\/\/endigital.cat\/es\/wp-json\/wp\/v2\/pages\/527","targetHints":{"allow":["GET"]}}],"collection":[{"href":"https:\/\/endigital.cat\/es\/wp-json\/wp\/v2\/pages"}],"about":[{"href":"https:\/\/endigital.cat\/es\/wp-json\/wp\/v2\/types\/page"}],"author":[{"embeddable":true,"href":"https:\/\/endigital.cat\/es\/wp-json\/wp\/v2\/users\/1"}],"replies":[{"embeddable":true,"href":"https:\/\/endigital.cat\/es\/wp-json\/wp\/v2\/comments?post=527"}],"version-history":[{"count":3,"href":"https:\/\/endigital.cat\/es\/wp-json\/wp\/v2\/pages\/527\/revisions"}],"predecessor-version":[{"id":653,"href":"https:\/\/endigital.cat\/es\/wp-json\/wp\/v2\/pages\/527\/revisions\/653"}],"wp:featuredmedia":[{"embeddable":true,"href":"https:\/\/endigital.cat\/es\/wp-json\/wp\/v2\/media\/274"}],"wp:attachment":[{"href":"https:\/\/endigital.cat\/es\/wp-json\/wp\/v2\/media?parent=527"}],"curies":[{"name":"wp","href":"https:\/\/api.w.org\/{rel}","templated":true}]}}